{"id":1531,"date":"2020-01-22T22:47:40","date_gmt":"2020-01-22T21:47:40","guid":{"rendered":"https:\/\/odaya.algoserv.com\/?page_id=1531"},"modified":"2020-02-18T14:48:51","modified_gmt":"2020-02-18T13:48:51","slug":"lieu","status":"publish","type":"page","link":"https:\/\/villaodaya.com\/en\/lieu\/","title":{"rendered":"Lieu"},"content":{"rendered":"","protected":false},"excerpt":{"rendered":"","protected":false},"author":1,"featured_media":0,"parent":0,"menu_order":0,"comment_status":"closed","ping_status":"closed","template":"lieu.php","meta":{"_acf_changed":false,"footnotes":""},"acf":[],"yoast_head":"<!-- This site is optimized with the Yoast SEO plugin v14.9 - https:\/\/yoast.com\/wordpress\/plugins\/seo\/ -->\n<title>Place - Villa Odaya<\/title>\n<meta name=\"description\" content=\"Pr\u00e9serv\u00e9e dans la nature, et \u00e0 la fois proche de la villa de cannes et sa croisette , la localisation de Villa Odaya, permet aussi de visiter les villes alentours tel que monaco et saint tropez.\" \/>\n<meta name=\"robots\" content=\"index, follow, max-snippet:-1, max-image-preview:large, max-video-preview:-1\" \/>\n<link rel=\"canonical\" href=\"https:\/\/villaodaya.com\/en\/lieu\/\" \/>\n<meta property=\"og:locale\" content=\"en_US\" \/>\n<meta property=\"og:type\" content=\"article\" \/>\n<meta property=\"og:title\" content=\"Place - Villa Odaya\" \/>\n<meta property=\"og:description\" content=\"Pr\u00e9serv\u00e9e dans la nature, et \u00e0 la fois proche de la villa de cannes et sa croisette , la localisation de Villa Odaya, permet aussi de visiter les villes alentours tel que monaco et saint tropez.\" \/>\n<meta property=\"og:url\" content=\"https:\/\/villaodaya.com\/en\/lieu\/\" \/>\n<meta property=\"og:site_name\" content=\"Villa Odaya\" \/>\n<meta property=\"article:modified_time\" content=\"2020-02-18T13:48:51+00:00\" \/>\n<meta name=\"twitter:card\" content=\"summary_large_image\" \/>\n<script type=\"application\/ld+json\" class=\"yoast-schema-graph\">{\"@context\":\"https:\/\/schema.org\",\"@graph\":[{\"@type\":\"Organization\",\"@id\":\"https:\/\/villaodaya.com\/en\/#organization\",\"name\":\"Villa Odaya - Villa prestige \\u00e0 Cannes\",\"url\":\"https:\/\/villaodaya.com\/en\/\",\"sameAs\":[],\"logo\":{\"@type\":\"ImageObject\",\"@id\":\"https:\/\/villaodaya.com\/en\/#logo\",\"inLanguage\":\"en-US\",\"url\":\"https:\/\/villaodaya.com\/wp-content\/uploads\/2020\/02\/Logo_Odaya_BLACK.svg\",\"caption\":\"Villa Odaya - Villa prestige \\u00e0 Cannes\"},\"image\":{\"@id\":\"https:\/\/villaodaya.com\/en\/#logo\"}},{\"@type\":\"WebSite\",\"@id\":\"https:\/\/villaodaya.com\/en\/#website\",\"url\":\"https:\/\/villaodaya.com\/en\/\",\"name\":\"Villa Odaya\",\"description\":\"Villa Odaya - the Prestigous Villa in Cannes\",\"publisher\":{\"@id\":\"https:\/\/villaodaya.com\/en\/#organization\"},\"potentialAction\":[{\"@type\":\"SearchAction\",\"target\":\"https:\/\/villaodaya.com\/en\/?s={search_term_string}\",\"query-input\":\"required name=search_term_string\"}],\"inLanguage\":\"en-US\"},{\"@type\":\"WebPage\",\"@id\":\"https:\/\/villaodaya.com\/en\/lieu\/#webpage\",\"url\":\"https:\/\/villaodaya.com\/en\/lieu\/\",\"name\":\"Place - Villa Odaya\",\"isPartOf\":{\"@id\":\"https:\/\/villaodaya.com\/en\/#website\"},\"datePublished\":\"2020-01-22T21:47:40+00:00\",\"dateModified\":\"2020-02-18T13:48:51+00:00\",\"description\":\"Pr\\u00e9serv\\u00e9e dans la nature, et \\u00e0 la fois proche de la villa de cannes et sa croisette , la localisation de Villa Odaya, permet aussi de visiter les villes alentours tel que monaco et saint tropez.\",\"inLanguage\":\"en-US\",\"potentialAction\":[{\"@type\":\"ReadAction\",\"target\":[\"https:\/\/villaodaya.com\/en\/lieu\/\"]}]}]}<\/script>\n<!-- \/ Yoast SEO plugin. -->","_links":{"self":[{"href":"https:\/\/villaodaya.com\/en\/wp-json\/wp\/v2\/pages\/1531"}],"collection":[{"href":"https:\/\/villaodaya.com\/en\/wp-json\/wp\/v2\/pages"}],"about":[{"href":"https:\/\/villaodaya.com\/en\/wp-json\/wp\/v2\/types\/page"}],"author":[{"embeddable":true,"href":"https:\/\/villaodaya.com\/en\/wp-json\/wp\/v2\/users\/1"}],"replies":[{"embeddable":true,"href":"https:\/\/villaodaya.com\/en\/wp-json\/wp\/v2\/comments?post=1531"}],"version-history":[{"count":4,"href":"https:\/\/villaodaya.com\/en\/wp-json\/wp\/v2\/pages\/1531\/revisions"}],"predecessor-version":[{"id":2092,"href":"https:\/\/villaodaya.com\/en\/wp-json\/wp\/v2\/pages\/1531\/revisions\/2092"}],"wp:attachment":[{"href":"https:\/\/villaodaya.com\/en\/wp-json\/wp\/v2\/media?parent=1531"}],"curies":[{"name":"wp","href":"https:\/\/api.w.org\/{rel}","templated":true}]}}